{"id":310,"date":"2024-03-31T17:23:44","date_gmt":"2024-03-31T17:23:44","guid":{"rendered":"https:\/\/officepartner-virtuell.de\/?page_id=310"},"modified":"2024-03-31T17:24:35","modified_gmt":"2024-03-31T17:24:35","slug":"datenschutz","status":"publish","type":"page","link":"https:\/\/officepartner-virtuell.de\/index.php\/datenschutz\/","title":{"rendered":"Datenschutz"},"content":{"rendered":"\t\t<div data-elementor-type=\"wp-page\" data-elementor-id=\"310\" class=\"elementor elementor-310\" data-elementor-post-type=\"page\">\n\t\t\t\t<div class=\"elementor-element elementor-element-749d7d96 e-flex e-con-boxed e-con e-parent\" data-id=\"749d7d96\" data-element_type=\"container\" data-e-type=\"container\">\n\t\t\t\t\t<div class=\"e-con-inner\">\n\t\t\t\t<div class=\"elementor-element elementor-element-376e6b65 animated-slow elementor-invisible elementor-widget elementor-widget-text-editor\" data-id=\"376e6b65\" data-element_type=\"widget\" data-e-type=\"widget\" data-settings=\"{&quot;_animation&quot;:&quot;bounceInUp&quot;,&quot;_animation_delay&quot;:200}\" data-widget_type=\"text-editor.default\">\n\t\t\t\t<div class=\"elementor-widget-container\">\n\t\t\t\t\t\t\t\t\t\n<h2 class=\"wp-block-heading\" style=\"text-align: center;\"><strong><span class=\"wixui-rich-text__text\"><span class=\"color_15 wixui-rich-text__text\">Allgemeiner Hinweis und Pflichtinformationen<\/span><\/span><\/strong><\/h2>\n<p class=\"font_8 wixui-rich-text__text\" style=\"text-align: center;\"><span class=\"wixui-rich-text__text\"><span class=\"color_15 wixui-rich-text__text\">Benennung der verantwortlichen Stelle<\/span><\/span><\/p>\n<p class=\"font_8 wixui-rich-text__text\" style=\"text-align: center;\"><span class=\"color_15 wixui-rich-text__text\">Die verantwortliche Stelle f\u00fcr die Datenverarbeitung auf dieser Website ist:<\/span><\/p>\n<p class=\"font_8 wixui-rich-text__text\" style=\"text-align: center;\"><strong>ACAS Assistenz S.R.L<\/strong><\/p>\n<p style=\"text-align: center;\"><strong>Constantin Arion 11<\/strong><\/p>\n<p style=\"text-align: center;\"><strong>011082 Bukarest<\/strong><\/p>\n<p style=\"text-align: center;\"><strong>Rum\u00e4nien<\/strong><\/p>\n<p class=\"font_8 wixui-rich-text__text\" style=\"text-align: center;\"><span class=\"color_15 wixui-rich-text__text\">Die verantwortliche Stelle entscheidet allein oder gemeinsam mit anderen \u00fcber die Zwecke und Mittel der Verarbeitung von personenbezogenen Daten (z.B. Namen, Kontaktdaten o. \u00c4.).<\/span><\/p>\n<p class=\"font_8 wixui-rich-text__text\" style=\"text-align: center;\"><span class=\"wixui-rich-text__text\"><span class=\"color_15 wixui-rich-text__text\">Widerruf Ihrer Einwilligung zur Datenverarbeitung<\/span><\/span><\/p>\n<p class=\"font_8 wixui-rich-text__text\" style=\"text-align: center;\"><span class=\"color_15 wixui-rich-text__text\">Nur mit Ihrer ausdr\u00fccklichen Einwilligung sind einige Vorg\u00e4nge der Datenverarbeitung m\u00f6glich. Ein Widerruf Ihrer bereits erteilten Einwilligung ist jederzeit m\u00f6glich. F\u00fcr den Widerruf gen\u00fcgt eine formlose Mitteilung per E-Mail. Die Rechtm\u00e4\u00dfigkeit der bis zum Widerruf erfolgten Datenverarbeitung bleibt vom Widerruf unber\u00fchrt.<\/span><\/p>\n<p class=\"font_8 wixui-rich-text__text\" style=\"text-align: center;\"><span class=\"wixui-rich-text__text\"><span class=\"color_15 wixui-rich-text__text\">Recht auf Beschwerde bei der zust\u00e4ndigen Aufsichtsbeh\u00f6rde<\/span><\/span><\/p>\n<p class=\"font_8 wixui-rich-text__text\" style=\"text-align: center;\"><span class=\"color_15 wixui-rich-text__text\">Als Betroffener steht Ihnen im Falle eines datenschutzrechtlichen Versto\u00dfes ein Beschwerderecht bei der zust\u00e4ndigen Aufsichtsbeh\u00f6rde zu. Zust\u00e4ndige Aufsichtsbeh\u00f6rde bez\u00fcglich datenschutzrechtlicher Fragen ist der Landesdatenschutzbeauftragte des Bundeslandes, in dem sich der Sitz unseres Unternehmens befindet. Der folgende Link stellt eine Liste der Datenschutzbeauftragten sowie deren Kontaktdaten bereit:\u00a0<span class=\"wixui-rich-text__text\"><a class=\"wixui-rich-text__text\" href=\"https:\/\/www.bfdi.bund.de\/DE\/Infothek\/Anschriften_Links\/anschriften_links-node.html\" target=\"_blank\" rel=\"noopener\">https:\/\/www.bfdi.bund.de\/DE\/Infothek\/Anschriften_Links\/anschriften_links-node.html<\/a><\/span>.<\/span><\/p>\n<p class=\"font_8 wixui-rich-text__text\" style=\"text-align: center;\"><span class=\"wixui-rich-text__text\"><span class=\"color_15 wixui-rich-text__text\">Recht auf Daten\u00fcbertragbarkeit<\/span><\/span><\/p>\n<p class=\"font_8 wixui-rich-text__text\" style=\"text-align: center;\"><span class=\"color_15 wixui-rich-text__text\">Ihnen steht das Recht zu, Daten, die wir auf Grundlage Ihrer Einwilligung oder in Erf\u00fcllung eines Vertrags automatisiert verarbeiten, an sich oder an Dritte aush\u00e4ndigen zu lassen. Die Bereitstellung erfolgt in einem maschinenlesbaren Format. Sofern Sie die direkte \u00dcbertragung der Daten an einen anderen Verantwortlichen verlangen, erfolgt dies nur, soweit es technisch machbar ist.<\/span><\/p>\n<p class=\"font_8 wixui-rich-text__text\" style=\"text-align: center;\"><span class=\"wixui-rich-text__text\"><span class=\"color_15 wixui-rich-text__text\">Recht auf Auskunft, Berichtigung, Sperrung, L\u00f6schung<\/span><\/span><\/p>\n<p class=\"font_8 wixui-rich-text__text\" style=\"text-align: center;\"><span class=\"color_15 wixui-rich-text__text\">Sie haben jederzeit im Rahmen der geltenden gesetzlichen Bestimmungen das Recht auf unentgeltliche Auskunft \u00fcber Ihre gespeicherten personenbezogenen Daten, Herkunft der Daten, deren Empf\u00e4nger und den Zweck der Datenverarbeitung und ggf. ein Recht auf Berichtigung, Sperrung oder L\u00f6schung dieser Daten. Diesbez\u00fcglich und auch zu weiteren Fragen zum Thema personenbezogene Daten k\u00f6nnen Sie sich jederzeit \u00fcber die im Impressum aufgef\u00fchrten Kontaktm\u00f6glichkeiten an uns wenden.<\/span><\/p>\n<p class=\"font_8 wixui-rich-text__text\" style=\"text-align: center;\"><span class=\"color_15 wixui-rich-text__text\">SSL- bzw. TLS-Verschl\u00fcsselung<\/span><\/p>\n<p class=\"font_8 wixui-rich-text__text\" style=\"text-align: center;\"><span class=\"color_15 wixui-rich-text__text\">Aus Sicherheitsgr\u00fcnden und zum Schutz der \u00dcbertragung vertraulicher Inhalte, die Sie an uns als Seitenbetreiber senden, nutzt unsere Website eine SSL-bzw. TLS-Verschl\u00fcsselung. Damit sind Daten, die Sie \u00fcber diese Website \u00fcbermitteln, f\u00fcr Dritte nicht mitlesbar. Sie erkennen eine verschl\u00fcsselte Verbindung an der \u201ehttps:\/\/\u201c Adresszeile Ihres Browsers und am Schloss-Symbol in der Browserzeile.<\/span><\/p>\n<p class=\"font_8 wixui-rich-text__text\" style=\"text-align: center;\"><span class=\"wixui-rich-text__text\"><span class=\"color_15 wixui-rich-text__text\">Server-Log-Dateien<\/span><\/span><\/p>\n<p class=\"font_8 wixui-rich-text__text\" style=\"text-align: center;\"><span class=\"color_15 wixui-rich-text__text\">In Server-Log-Dateien erhebt und speichert der Provider der Website automatisch Informationen, die Ihr Browser automatisch an uns \u00fcbermittelt. Dies sind:<\/span><\/p>\n<ul class=\"font_8 color_15 wixui-rich-text__text\" style=\"text-align: center;\">\n<li class=\"wixui-rich-text__text\">\n<p class=\"font_8 wixui-rich-text__text\"><span class=\"color_15 wixui-rich-text__text\">Besuchte Seite auf unserer Domain<\/span><\/p>\n<\/li>\n<li class=\"wixui-rich-text__text\">\n<p class=\"font_8 wixui-rich-text__text\"><span class=\"color_15 wixui-rich-text__text\">Datum und Uhrzeit der Serveranfrage<\/span><\/p>\n<\/li>\n<li class=\"wixui-rich-text__text\">\n<p class=\"font_8 wixui-rich-text__text\"><span class=\"color_15 wixui-rich-text__text\">Browsertyp und Browserversion<\/span><\/p>\n<\/li>\n<li class=\"wixui-rich-text__text\">\n<p class=\"font_8 wixui-rich-text__text\"><span class=\"color_15 wixui-rich-text__text\">Verwendetes Betriebssystem<\/span><\/p>\n<\/li>\n<li class=\"wixui-rich-text__text\">\n<p class=\"font_8 wixui-rich-text__text\"><span class=\"color_15 wixui-rich-text__text\">Referrer URL<\/span><\/p>\n<\/li>\n<li class=\"wixui-rich-text__text\">\n<p class=\"font_8 wixui-rich-text__text\"><span class=\"color_15 wixui-rich-text__text\">Hostname des zugreifenden Rechners<\/span><\/p>\n<\/li>\n<li class=\"wixui-rich-text__text\">\n<p class=\"font_8 wixui-rich-text__text\"><span class=\"color_15 wixui-rich-text__text\">IP-Adresse<\/span><\/p>\n<\/li>\n<\/ul>\n<p class=\"font_8 wixui-rich-text__text\" style=\"text-align: center;\"><span class=\"color_15 wixui-rich-text__text\">Es findet keine Zusammenf\u00fchrung dieser Daten mit anderen Datenquellen statt. Grundlage der Datenverarbeitung bildet Art. 6 Abs. 1 lit. b DSGVO, der die Verarbeitung von Daten zur Erf\u00fcllung eines Vertrags oder vorvertraglicher Ma\u00dfnahmen gestattet.<\/span><\/p>\n<p class=\"font_8 wixui-rich-text__text\" style=\"text-align: center;\"><span class=\"wixui-rich-text__text\"><span class=\"color_15 wixui-rich-text__text\">Daten\u00fcbermittlung bei Vertragsschluss f\u00fcr Dienstleistungen<\/span><\/span><\/p>\n<p class=\"font_8 wixui-rich-text__text\" style=\"text-align: center;\"><span class=\"color_15 wixui-rich-text__text\">Personenbezogene Daten werden an Dritte nur \u00fcbermittelt, sofern eine Notwendigkeit im Rahmen der Vertragsabwicklung besteht. Dritte k\u00f6nnen beispielsweise Bezahldienstleister oder Logistikunternehmen sein. Eine weitergehende \u00dcbermittlung der Daten findet nicht statt bzw. nur dann, wenn Sie dieser ausdr\u00fccklich zugestimmt haben.<\/span><\/p>\n<p class=\"font_8 wixui-rich-text__text\" style=\"text-align: center;\"><span class=\"color_15 wixui-rich-text__text\">Grundlage f\u00fcr die Datenverarbeitung ist Art. 6 Abs. 1 lit. b DSGVO, der die Verarbeitung von Daten zur Erf\u00fcllung eines Vertrags oder vorvertraglicher Ma\u00dfnahmen gestattet.<\/span><\/p>\n<p class=\"font_8 wixui-rich-text__text\" style=\"text-align: center;\"><span class=\"wixui-rich-text__text\"><span class=\"color_15 wixui-rich-text__text\">Kontaktformular<\/span><\/span><\/p>\n<p class=\"font_8 wixui-rich-text__text\" style=\"text-align: center;\"><span class=\"color_15 wixui-rich-text__text\">Per Kontaktformular \u00fcbermittelte Daten werden einschlie\u00dflich Ihrer Kontaktdaten gespeichert, um Ihre Anfrage bearbeiten zu k\u00f6nnen oder um f\u00fcr Anschlussfragen bereitzustehen. Eine Weitergabe dieser Daten findet ohne Ihre Einwilligung nicht statt.<\/span><\/p>\n<p class=\"font_8 wixui-rich-text__text\" style=\"text-align: center;\"><span class=\"color_15 wixui-rich-text__text\">Die Verarbeitung der in das Kontaktformular eingegebenen Daten erfolgt ausschlie\u00dflich auf Grundlage Ihrer Einwilligung (Art. 6 Abs. 1 lit. a DSGVO). Ein Widerruf Ihrer bereits erteilten Einwilligung ist jederzeit m\u00f6glich. F\u00fcr den Widerruf gen\u00fcgt eine formlose Mitteilung per E-Mail. Die Rechtm\u00e4\u00dfigkeit der bis zum Widerruf erfolgten Datenverarbeitungsvorg\u00e4nge bleibt vom Widerruf unber\u00fchrt.<\/span><\/p>\n<p class=\"font_8 wixui-rich-text__text\" style=\"text-align: center;\"><span class=\"color_15 wixui-rich-text__text\">\u00dcber das Kontaktformular \u00fcbermittelte Daten verbleiben bei uns, bis Sie uns zur L\u00f6schung auffordern, Ihre Einwilligung zur Speicherung widerrufen oder keine Notwendigkeit der Datenspeicherung mehr besteht. Zwingende gesetzliche Bestimmungen \u2013 insbesondere Aufbewahrungsfristen \u2013 bleiben unber\u00fchrt.<\/span><\/p>\n<p class=\"font_8 wixui-rich-text__text\" style=\"text-align: center;\"><span class=\"wixui-rich-text__text\"><span class=\"color_15 wixui-rich-text__text\">Cookies<\/span><\/span><\/p>\n<p class=\"font_8 wixui-rich-text__text\" style=\"text-align: center;\"><span class=\"color_15 wixui-rich-text__text\">Unsere Website verwendet Cookies. Das sind kleine Textdateien, die Ihr Webbrowser auf Ihrem Endger\u00e4t speichert. Cookies helfen uns dabei, unser Angebot nutzerfreundlicher, effektiver und sicherer zu machen.<\/span><\/p>\n<p class=\"font_8 wixui-rich-text__text\" style=\"text-align: center;\"><span class=\"color_15 wixui-rich-text__text\">Einige Cookies sind \u201cSession-Cookies.\u201d Solche Cookies werden nach Ende Ihrer Browser-Sitzung von selbst gel\u00f6scht. Hingegen bleiben andere Cookies auf Ihrem Endger\u00e4t bestehen, bis Sie diese selbst l\u00f6schen. Solche Cookies helfen uns, Sie bei R\u00fcckkehr auf unserer Website wiederzuerkennen.<\/span><\/p>\n<p class=\"font_8 wixui-rich-text__text\" style=\"text-align: center;\"><span class=\"color_15 wixui-rich-text__text\">Mit einem modernen Webbrowser k\u00f6nnen Sie das Setzen von Cookies \u00fcberwachen, einschr\u00e4nken oder unterbinden. Viele Webbrowser lassen sich so konfigurieren, dass Cookies mit dem Schlie\u00dfen des Programms von selbst gel\u00f6scht werden. Die Deaktivierung von Cookies kann eine eingeschr\u00e4nkte Funktionalit\u00e4t unserer Website zur Folge haben.<\/span><\/p>\n<p class=\"font_8 wixui-rich-text__text\" style=\"text-align: center;\"><span class=\"color_15 wixui-rich-text__text\">Das Setzen von Cookies, die zur Aus\u00fcbung elektronischer Kommunikationsvorg\u00e4nge oder der Bereitstellung bestimmter, von Ihnen erw\u00fcnschter Funktionen (z.B. Warenkorb) notwendig sind, erfolgt auf Grundlage von Art. 6 Abs. 1 lit. f DSGVO. Als Betreiber dieser Website haben wir ein berechtigtes Interesse an der Speicherung von Cookies zur technisch fehlerfreien und reibungslosen Bereitstellung unserer Dienste. Sofern die Setzung anderer Cookies (z.B. f\u00fcr Analyse-Funktionen) erfolgt, werden diese in dieser Datenschutzerkl\u00e4rung separat behandelt.<\/span><\/p>\n<p class=\"font_8 wixui-rich-text__text\" style=\"text-align: center;\"><span class=\"wixui-rich-text__text\"><span class=\"color_15 wixui-rich-text__text\">Google Analytics<\/span><\/span><\/p>\n<p class=\"font_8 wixui-rich-text__text\" style=\"text-align: center;\"><span class=\"color_15 wixui-rich-text__text\">Unsere Website verwendet Funktionen des Webanalysedienstes Google Analytics. Anbieter des Webanalysedienstes ist die Google Inc., 1600 Amphitheatre Parkway, Mountain View, CA 94043, USA.<\/span><\/p>\n<p class=\"font_8 wixui-rich-text__text\" style=\"text-align: center;\"><span class=\"color_15 wixui-rich-text__text\">Google Analytics verwendet \u201eCookies.\u201c Das sind kleine Textdateien, die Ihr Webbrowser auf Ihrem Endger\u00e4t speichert und eine Analyse der Website-Benutzung erm\u00f6glichen. Mittels Cookie erzeugte Informationen \u00fcber Ihre Benutzung unserer Website werden an einen Server von Google \u00fcbermittelt und dort gespeichert. Server-Standort ist im Regelfall die USA.<\/span><\/p>\n<p class=\"font_8 wixui-rich-text__text\" style=\"text-align: center;\"><span class=\"color_15 wixui-rich-text__text\">Das Setzen von Google-Analytics-Cookies erfolgt auf Grundlage von Art. 6 Abs. 1 lit. f DSGVO. Als Betreiber dieser Website haben wir \u00a0ein berechtigtes Interesse an der Analyse des Nutzerverhaltens, um unser Webangebot und ggf. auch Werbung zu optimieren.<\/span><\/p>\n<p class=\"font_8 wixui-rich-text__text\" style=\"text-align: center;\"><span class=\"wixui-rich-text__text\"><span class=\"color_15 wixui-rich-text__text\">IP-Anonymisierung<\/span><\/span><\/p>\n<p class=\"font_8 wixui-rich-text__text\" style=\"text-align: center;\"><span class=\"color_15 wixui-rich-text__text\">Wir setzen Google Analytics in Verbindung mit der Funktion IP-Anonymisierung ein. Sie gew\u00e4hrleistet, dass Google Ihre IP-Adresse innerhalb von Mitgliedstaaten der Europ\u00e4ischen Union oder in anderen Vertragsstaaten des Abkommens \u00fcber den Europ\u00e4ischen Wirtschaftsraum vor der \u00dcbermittlung in die USA k\u00fcrzt. Es kann Ausnahmef\u00e4lle geben, in denen Google die volle IP-Adresse an einen Server in den USA \u00fcbertr\u00e4gt und dort k\u00fcrzt. In unserem Auftrag wird Google diese Informationen benutzen, um Ihre Nutzung der Website auszuwerten, um Reports \u00fcber Websiteaktivit\u00e4ten zu erstellen und um weitere mit der Websitenutzung und der Internetnutzung verbundene Dienstleistungen gegen\u00fcber uns zu erbringen. Es findet keine Zusammenf\u00fchrung der von Google Analytics \u00fcbermittelten IP-Adresse mit anderen Daten von Google statt.<\/span><\/p>\n<p class=\"font_8 wixui-rich-text__text\" style=\"text-align: center;\"><span class=\"wixui-rich-text__text\"><span class=\"color_15 wixui-rich-text__text\">Browser Plugin<\/span><\/span><\/p>\n<p class=\"font_8 wixui-rich-text__text\" style=\"text-align: center;\"><span class=\"color_15 wixui-rich-text__text\">Das Setzen von Cookies durch Ihren Webbrowser ist verhinderbar. Einige Funktionen unserer Website k\u00f6nnten dadurch jedoch eingeschr\u00e4nkt werden. Ebenso k\u00f6nnen Sie die Erfassung von Daten bez\u00fcglich Ihrer Website-Nutzung einschlie\u00dflich Ihrer IP-Adresse mitsamt anschlie\u00dfender Verarbeitung durch Google unterbinden. Dies ist m\u00f6glich, indem Sie das \u00fcber folgenden Link erreichbare Browser-Plugin herunterladen und installieren:\u00a0<span class=\"wixui-rich-text__text\"><a class=\"wixui-rich-text__text\" href=\"https:\/\/tools.google.com\/dlpage\/gaoptout?hl=de\" target=\"_blank\" rel=\"noopener\">https:\/\/tools.google.com\/dlpage\/gaoptout?hl=de<\/a><\/span>.<\/span><\/p>\n<p class=\"font_8 wixui-rich-text__text\" style=\"text-align: center;\"><span class=\"wixui-rich-text__text\"><span class=\"color_15 wixui-rich-text__text\">Widerspruch gegen die Datenerfassung<\/span><\/span><\/p>\n<p class=\"font_8 wixui-rich-text__text\" style=\"text-align: center;\"><span class=\"color_15 wixui-rich-text__text\">Sie k\u00f6nnen die Erfassung Ihrer Daten durch Google Analytics verhindern, indem Sie auf folgenden Link klicken. Es wird ein Opt-Out-Cookie gesetzt, der die Erfassung Ihrer Daten bei zuk\u00fcnftigen Besuchen unserer Website verhindert: Google Analytics deaktivieren.<\/span><\/p>\n<p class=\"font_8 wixui-rich-text__text\" style=\"text-align: center;\"><span class=\"color_15 wixui-rich-text__text\">Einzelheiten zum Umgang mit Nutzerdaten bei Google Analytics finden Sie in der Datenschutzerkl\u00e4rung von Google:\u00a0<span class=\"wixui-rich-text__text\"><a class=\"wixui-rich-text__text\" href=\"https:\/\/support.google.com\/analytics\/answer\/6004245?hl=de\" target=\"_blank\" rel=\"noopener\">https:\/\/support.google.com\/analytics\/answer\/6004245?hl=de<\/a><\/span>.<\/span><\/p>\n<p class=\"font_8 wixui-rich-text__text\" style=\"text-align: center;\"><span class=\"wixui-rich-text__text\"><span class=\"color_15 wixui-rich-text__text\">Auftragsverarbeitung<\/span><\/span><\/p>\n<p class=\"font_8 wixui-rich-text__text\" style=\"text-align: center;\"><span class=\"color_15 wixui-rich-text__text\">Zur vollst\u00e4ndigen Erf\u00fcllung der gesetzlichen Datenschutzvorgaben haben wir mit Google einen Vertrag \u00fcber die Auftragsverarbeitung abgeschlossen.<\/span><\/p>\n<p class=\"font_8 wixui-rich-text__text\" style=\"text-align: center;\"><span class=\"wixui-rich-text__text\"><span class=\"color_15 wixui-rich-text__text\">Demografische Merkmale bei Google Analytics<\/span><\/span><\/p>\n<p class=\"font_8 wixui-rich-text__text\" style=\"text-align: center;\"><span class=\"color_15 wixui-rich-text__text\">Unsere Website verwendet die Funktion \u201cdemografische Merkmale\u201d von Google Analytics. Mit ihr lassen sich Berichte erstellen, die Aussagen zu Alter, Geschlecht und Interessen der Seitenbesucher enthalten. Diese Daten stammen aus interessenbezogener Werbung von Google sowie aus Besucherdaten von Drittanbietern. Eine Zuordnung der Daten zu einer bestimmten Person ist nicht m\u00f6glich. Sie k\u00f6nnen diese Funktion jederzeit deaktivieren. Dies ist \u00fcber die Anzeigeneinstellungen in Ihrem Google-Konto m\u00f6glich oder indem Sie die Erfassung Ihrer Daten durch Google Analytics, wie im Punkt \u201cWiderspruch gegen die Datenerfassung\u201d erl\u00e4utert, generell untersagen.<\/span><\/p>\n<p class=\"font_8 wixui-rich-text__text\" style=\"text-align: center;\"><span class=\"wixui-rich-text__text\"><span class=\"color_15 wixui-rich-text__text\"><br \/>Google Web Fonts<\/span><\/span><\/p>\n<p class=\"font_8 wixui-rich-text__text\" style=\"text-align: center;\"><span class=\"color_15 wixui-rich-text__text\">Unsere Website verwendet Web Fonts von Google. Anbieter ist die Google Inc., 1600 Amphitheatre Parkway, Mountain View, CA 94043, USA.<\/span><\/p>\n<p class=\"font_8 wixui-rich-text__text\" style=\"text-align: center;\"><span class=\"color_15 wixui-rich-text__text\">Durch den Einsatz dieser Web Fonts wird es m\u00f6glich Ihnen die von uns gew\u00fcnschte Darstellung unserer Website zu pr\u00e4sentieren, unabh\u00e4ngig davon welche Schriften Ihnen lokal zur Verf\u00fcgung stehen. Dies erfolgt \u00fcber den Abruf der Google Web Fonts von einem Server von Google in den USA und der damit verbundenen Weitergabe Ihre Daten an Google. Dabei handelt es sich um Ihre IP-Adresse und welche Seite Sie bei uns besucht haben. Der Einsatz von Google Web Fonts erfolgt auf Grundlage von Art. 6 Abs. 1 lit. f DSGVO. Als Betreiber dieser Website haben wir ein berechtigtes Interesse an der optimalen Darstellung und \u00dcbertragung unseres Webauftritts.<\/span><\/p>\n<p class=\"font_8 wixui-rich-text__text\" style=\"text-align: center;\"><span class=\"color_15 wixui-rich-text__text\">Das Unternehmen Google ist f\u00fcr das us-europ\u00e4ische Datenschutz\u00fcbereinkommen \u201ePrivacy Shield\u201c zertifiziert. Dieses Datenschutz\u00fcbereinkommen soll die Einhaltung des in der EU geltenden Datenschutzniveaus gew\u00e4hrleisten.<\/span><\/p>\n<p class=\"font_8 wixui-rich-text__text\" style=\"text-align: center;\"><span class=\"color_15 wixui-rich-text__text\">Einzelheiten \u00fcber Google Web Fonts finden Sie unter:\u00a0<span class=\"wixui-rich-text__text\"><a class=\"wixui-rich-text__text\" href=\"https:\/\/www.google.com\/fonts#AboutPlace:about\" target=\"_blank\" rel=\"noopener\">https:\/\/www.google.com\/fonts#AboutPlace:about<\/a><\/span>\u00a0und weitere Informationen in den Datenschutzbestimmungen von Google:\u00a0<span class=\"wixui-rich-text__text\"><a class=\"wixui-rich-text__text\" href=\"https:\/\/policies.google.com\/privacy\/partners?hl=de\" target=\"_blank\" rel=\"noopener\">https:\/\/policies.google.com\/privacy\/partners?hl=de<\/a><\/span><\/span><\/p>\n\t\t\t\t\t\t\t\t<\/div>\n\t\t\t\t<\/div>\n\t\t\t\t\t<\/div>\n\t\t\t\t<\/div>\n\t\t\t\t<\/div>\n\t\t","protected":false},"excerpt":{"rendered":"<p>Allgemeiner Hinweis und Pflichtinformationen Benennung der verantwortlichen Stelle Die verantwortliche Stelle f\u00fcr die Datenverarbeitung auf dieser Website ist: ACAS Assistenz S.R.L Constantin Arion 11 011082 Bukarest Rum\u00e4nien Die verantwortliche Stelle entscheidet allein oder gemeinsam mit anderen \u00fcber die Zwecke und Mittel der Verarbeitung von personenbezogenen Daten (z.B. Namen, Kontaktdaten o. \u00c4.). Widerruf Ihrer Einwilligung zur&hellip;&nbsp;<a href=\"https:\/\/officepartner-virtuell.de\/index.php\/datenschutz\/\" rel=\"bookmark\"><span class=\"screen-reader-text\">Datenschutz<\/span><\/a><\/p>\n","protected":false},"author":1,"featured_media":0,"parent":0,"menu_order":0,"comment_status":"closed","ping_status":"open","template":"","meta":{"neve_meta_sidebar":"","neve_meta_container":"","neve_meta_enable_content_width":"","neve_meta_content_width":0,"neve_meta_title_alignment":"","neve_meta_author_avatar":"","neve_post_elements_order":"","neve_meta_disable_header":"","neve_meta_disable_footer":"","neve_meta_disable_title":"","footnotes":""},"class_list":["post-310","page","type-page","status-publish","hentry"],"_links":{"self":[{"href":"https:\/\/officepartner-virtuell.de\/index.php\/wp-json\/wp\/v2\/pages\/310","targetHints":{"allow":["GET"]}}],"collection":[{"href":"https:\/\/officepartner-virtuell.de\/index.php\/wp-json\/wp\/v2\/pages"}],"about":[{"href":"https:\/\/officepartner-virtuell.de\/index.php\/wp-json\/wp\/v2\/types\/page"}],"author":[{"embeddable":true,"href":"https:\/\/officepartner-virtuell.de\/index.php\/wp-json\/wp\/v2\/users\/1"}],"replies":[{"embeddable":true,"href":"https:\/\/officepartner-virtuell.de\/index.php\/wp-json\/wp\/v2\/comments?post=310"}],"version-history":[{"count":4,"href":"https:\/\/officepartner-virtuell.de\/index.php\/wp-json\/wp\/v2\/pages\/310\/revisions"}],"predecessor-version":[{"id":317,"href":"https:\/\/officepartner-virtuell.de\/index.php\/wp-json\/wp\/v2\/pages\/310\/revisions\/317"}],"wp:attachment":[{"href":"https:\/\/officepartner-virtuell.de\/index.php\/wp-json\/wp\/v2\/media?parent=310"}],"curies":[{"name":"wp","href":"https:\/\/api.w.org\/{rel}","templated":true}]}}